{"id":323,"date":"2016-01-14T15:44:43","date_gmt":"2016-01-14T14:44:43","guid":{"rendered":"http:\/\/www.minousurfschool.com\/en\/accueil\/"},"modified":"2016-05-12T12:21:08","modified_gmt":"2016-05-12T11:21:08","slug":"home","status":"publish","type":"page","link":"https:\/\/www.minousurfschool.com\/en\/","title":{"rendered":"Home"},"content":{"rendered":"<div class=\"wpb-content-wrapper\"><p>[vc_row css=&#8221;.vc_custom_1455219531988{margin-top: -96px !important;}&#8221;][vc_column][rev_slider_vc alias=&#8221;SlideshowHome&#8221;][\/vc_column][\/vc_row][vc_row][vc_column][vc_column_text]<\/p>\n<div class=\"titre_page\">\n<h1>SURFSCHOOL IN BREST<\/h1>\n<\/div>\n<p>[\/vc_column_text][\/vc_column][\/vc_row][vc_row full_width=&#8221;stretch_row&#8221; equal_height=&#8221;yes&#8221;][vc_column width=&#8221;1\/2&#8243; css=&#8221;.vc_custom_1455218266497{background-position: center !important;background-repeat: no-repeat !important;background-size: contain !important;}&#8221;][vc_images_carousel images=&#8221;116,227,228,239&#8243; img_size=&#8221;full&#8221; speed=&#8221;4000&#8243; autoplay=&#8221;yes&#8221; wrap=&#8221;yes&#8221;][\/vc_column][vc_column width=&#8221;1\/2&#8243;][vc_empty_space height=&#8221;15px&#8221;][vc_column_text]<\/p>\n<h2>SURF<\/h2>\n<h2>BODYBOARD<\/h2>\n<h2>STAND UP PADDLE<\/h2>\n<p>[\/vc_column_text][vc_column_text]A bit of history\u2026.<\/p>\n<p>I\u2019m the founder of the \u201cMinou Surf School\u201d and because I am born and bred in this area I have local knowledge about the various surf spots and therefore I know which one is ideal depending upon the weather conditions and upon the level of the group that I am teaching.<\/p>\n<p>Depending upon the weather conditions the surf school offers three different surf locations: \u201cPorsmilin\u201d, \u201cLe Minou\u201d and \u201cLes Blancs Sablons\u201d. You will learn to surf, body board or use a stand-up-board in a convivial, fun atmosphere, learning at your own pace.[\/vc_column_text][\/vc_column][\/vc_row][vc_row][vc_column][vc_empty_space][\/vc_column][\/vc_row][vc_row foundry_vertical_align=&#8221;yes&#8221;][vc_column width=&#8221;1\/3&#8243;][vc_column_text]<\/p>\n<h4 style=\"text-align: center;\"><strong>Instagram<\/strong><\/h4>\n<p><a href=\"https:\/\/www.instagram.com\/minousurfschool\/\" target=\"_blank\"><img loading=\"lazy\" decoding=\"async\" class=\"aligncenter size-full wp-image-209\" src=\"http:\/\/www.minousurfschool.com\/wp-content\/uploads\/2016\/01\/icon_instagram.png\" alt=\"icon_instagram\" width=\"32\" height=\"32\" \/><\/a><\/p>\n<p style=\"text-align: center;\"><a href=\"https:\/\/www.instagram.com\/minousurfschool\/\" target=\"_blank\">@minousurfschool<\/a><\/p>\n<p>[\/vc_column_text][\/vc_column][vc_column width=&#8221;2\/3&#8243;]<div class=\"instafeed grid-gallery\" data-max=\"8\" data-user-name=\"minousurfschool\" data-method=\"getUserFeed\"><ul><\/ul><\/div>[\/vc_column][\/vc_row]<\/p>\n<\/div>","protected":false},"excerpt":{"rendered":"<p>[vc_row css=&#8221;.vc_custom_1455219531988{margin-top: -96px !important;}&#8221;][vc_column][rev_slider_vc alias=&#8221;SlideshowHome&#8221;][\/vc_column][\/vc_row][vc_row][vc_column][vc_column_text] SURFSCHOOL IN BREST [\/vc_column_text][\/vc_column][\/vc_row][vc_row full_width=&#8221;stretch_row&#8221; equal_height=&#8221;yes&#8221;][vc_column width=&#8221;1\/2&#8243; css=&#8221;.vc_custom_1455218266497{background-position: center !important;background-repeat: no-repeat !important;background-size: contain !important;}&#8221;][vc_images_carousel images=&#8221;116,227,228,239&#8243; img_size=&#8221;full&#8221;&#8230;<\/p>\n","protected":false},"author":1,"featured_media":1807,"parent":0,"menu_order":0,"comment_status":"closed","ping_status":"closed","template":"","meta":{"footnotes":""},"class_list":["post-323","page","type-page","status-publish","has-post-thumbnail","hentry"],"yoast_head":"<!-- This site is optimized with the Yoast SEO plugin v26.8 - https:\/\/yoast.com\/product\/yoast-seo-wordpress\/ -->\n<title>Minou Surf School - Surf :: Bodyboard :: SUP School in Brest<\/title>\n<meta name=\"description\" content=\"Minou Surf School is Surf, Bodyboard et Stand Up Paddle School near Brest just 10mn. We are open 7 days a week until 18.00\" \/>\n<meta name=\"robots\" content=\"index, follow, max-snippet:-1, max-image-preview:large, max-video-preview:-1\" \/>\n<link rel=\"canonical\" href=\"https:\/\/www.minousurfschool.com\/en\/\" \/>\n<meta property=\"og:locale\" content=\"en_US\" \/>\n<meta property=\"og:type\" content=\"article\" \/>\n<meta property=\"og:title\" content=\"Minou Surf School - Ecole de Surf :: Bodyboard :: SUP \u00e0 Brest\" \/>\n<meta property=\"og:description\" content=\"Minou Surf School est l&#039;\u00e9cole de Surf, Bodyboard et Stand Up Paddle \u00e0 10 minutes en voiture de Brest.\" \/>\n<meta property=\"og:url\" content=\"https:\/\/www.minousurfschool.com\/en\/\" \/>\n<meta property=\"og:site_name\" content=\"Minou Surf School - Ecole de surf :: bodyboard :: StandUpPaddle \u00e0 Brest\" \/>\n<meta property=\"article:modified_time\" content=\"2016-05-12T11:21:08+00:00\" \/>\n<meta name=\"twitter:card\" content=\"summary_large_image\" \/>\n<meta name=\"twitter:image\" content=\"http:\/\/www.minousurfschool.com\/wp-content\/uploads\/2016\/01\/icon_instagram.png\" \/>\n<meta name=\"twitter:label1\" content=\"Est. reading time\" \/>\n\t<meta name=\"twitter:data1\" content=\"1 minute\" \/>\n<script type=\"application\/ld+json\" class=\"yoast-schema-graph\">{\"@context\":\"https:\/\/schema.org\",\"@graph\":[{\"@type\":\"WebPage\",\"@id\":\"https:\/\/www.minousurfschool.com\/en\/\",\"url\":\"https:\/\/www.minousurfschool.com\/en\/\",\"name\":\"Minou Surf School - Surf :: Bodyboard :: SUP School in Brest\",\"isPartOf\":{\"@id\":\"https:\/\/www.minousurfschool.com\/#website\"},\"primaryImageOfPage\":{\"@id\":\"https:\/\/www.minousurfschool.com\/en\/#primaryimage\"},\"image\":{\"@id\":\"https:\/\/www.minousurfschool.com\/en\/#primaryimage\"},\"thumbnailUrl\":\"https:\/\/www.minousurfschool.com\/wp-content\/uploads\/2020\/05\/cours_decouverte_surf_brest.jpg\",\"datePublished\":\"2016-01-14T14:44:43+00:00\",\"dateModified\":\"2016-05-12T11:21:08+00:00\",\"description\":\"Minou Surf School is Surf, Bodyboard et Stand Up Paddle School near Brest just 10mn. We are open 7 days a week until 18.00\",\"breadcrumb\":{\"@id\":\"https:\/\/www.minousurfschool.com\/en\/#breadcrumb\"},\"inLanguage\":\"en-US\",\"potentialAction\":[{\"@type\":\"ReadAction\",\"target\":[\"https:\/\/www.minousurfschool.com\/en\/\"]}]},{\"@type\":\"ImageObject\",\"inLanguage\":\"en-US\",\"@id\":\"https:\/\/www.minousurfschool.com\/en\/#primaryimage\",\"url\":\"https:\/\/www.minousurfschool.com\/wp-content\/uploads\/2020\/05\/cours_decouverte_surf_brest.jpg\",\"contentUrl\":\"https:\/\/www.minousurfschool.com\/wp-content\/uploads\/2020\/05\/cours_decouverte_surf_brest.jpg\",\"width\":1440,\"height\":1048},{\"@type\":\"BreadcrumbList\",\"@id\":\"https:\/\/www.minousurfschool.com\/en\/#breadcrumb\",\"itemListElement\":[{\"@type\":\"ListItem\",\"position\":1,\"name\":\"Accueil\",\"item\":\"https:\/\/www.minousurfschool.com\/en\/\"},{\"@type\":\"ListItem\",\"position\":2,\"name\":\"Home\"}]},{\"@type\":\"WebSite\",\"@id\":\"https:\/\/www.minousurfschool.com\/#website\",\"url\":\"https:\/\/www.minousurfschool.com\/\",\"name\":\"Minou Surf School - Ecole de surf :: bodyboard :: StandUpPaddle \u00e0 Brest\",\"description\":\"\",\"potentialAction\":[{\"@type\":\"SearchAction\",\"target\":{\"@type\":\"EntryPoint\",\"urlTemplate\":\"https:\/\/www.minousurfschool.com\/?s={search_term_string}\"},\"query-input\":{\"@type\":\"PropertyValueSpecification\",\"valueRequired\":true,\"valueName\":\"search_term_string\"}}],\"inLanguage\":\"en-US\"}]}<\/script>\n<!-- \/ Yoast SEO plugin. -->","yoast_head_json":{"title":"Minou Surf School - Surf :: Bodyboard :: SUP School in Brest","description":"Minou Surf School is Surf, Bodyboard et Stand Up Paddle School near Brest just 10mn. We are open 7 days a week until 18.00","robots":{"index":"index","follow":"follow","max-snippet":"max-snippet:-1","max-image-preview":"max-image-preview:large","max-video-preview":"max-video-preview:-1"},"canonical":"https:\/\/www.minousurfschool.com\/en\/","og_locale":"en_US","og_type":"article","og_title":"Minou Surf School - Ecole de Surf :: Bodyboard :: SUP \u00e0 Brest","og_description":"Minou Surf School est l'\u00e9cole de Surf, Bodyboard et Stand Up Paddle \u00e0 10 minutes en voiture de Brest.","og_url":"https:\/\/www.minousurfschool.com\/en\/","og_site_name":"Minou Surf School - Ecole de surf :: bodyboard :: StandUpPaddle \u00e0 Brest","article_modified_time":"2016-05-12T11:21:08+00:00","twitter_card":"summary_large_image","twitter_image":"http:\/\/www.minousurfschool.com\/wp-content\/uploads\/2016\/01\/icon_instagram.png","twitter_misc":{"Est. reading time":"1 minute"},"schema":{"@context":"https:\/\/schema.org","@graph":[{"@type":"WebPage","@id":"https:\/\/www.minousurfschool.com\/en\/","url":"https:\/\/www.minousurfschool.com\/en\/","name":"Minou Surf School - Surf :: Bodyboard :: SUP School in Brest","isPartOf":{"@id":"https:\/\/www.minousurfschool.com\/#website"},"primaryImageOfPage":{"@id":"https:\/\/www.minousurfschool.com\/en\/#primaryimage"},"image":{"@id":"https:\/\/www.minousurfschool.com\/en\/#primaryimage"},"thumbnailUrl":"https:\/\/www.minousurfschool.com\/wp-content\/uploads\/2020\/05\/cours_decouverte_surf_brest.jpg","datePublished":"2016-01-14T14:44:43+00:00","dateModified":"2016-05-12T11:21:08+00:00","description":"Minou Surf School is Surf, Bodyboard et Stand Up Paddle School near Brest just 10mn. We are open 7 days a week until 18.00","breadcrumb":{"@id":"https:\/\/www.minousurfschool.com\/en\/#breadcrumb"},"inLanguage":"en-US","potentialAction":[{"@type":"ReadAction","target":["https:\/\/www.minousurfschool.com\/en\/"]}]},{"@type":"ImageObject","inLanguage":"en-US","@id":"https:\/\/www.minousurfschool.com\/en\/#primaryimage","url":"https:\/\/www.minousurfschool.com\/wp-content\/uploads\/2020\/05\/cours_decouverte_surf_brest.jpg","contentUrl":"https:\/\/www.minousurfschool.com\/wp-content\/uploads\/2020\/05\/cours_decouverte_surf_brest.jpg","width":1440,"height":1048},{"@type":"BreadcrumbList","@id":"https:\/\/www.minousurfschool.com\/en\/#breadcrumb","itemListElement":[{"@type":"ListItem","position":1,"name":"Accueil","item":"https:\/\/www.minousurfschool.com\/en\/"},{"@type":"ListItem","position":2,"name":"Home"}]},{"@type":"WebSite","@id":"https:\/\/www.minousurfschool.com\/#website","url":"https:\/\/www.minousurfschool.com\/","name":"Minou Surf School - Ecole de surf :: bodyboard :: StandUpPaddle \u00e0 Brest","description":"","potentialAction":[{"@type":"SearchAction","target":{"@type":"EntryPoint","urlTemplate":"https:\/\/www.minousurfschool.com\/?s={search_term_string}"},"query-input":{"@type":"PropertyValueSpecification","valueRequired":true,"valueName":"search_term_string"}}],"inLanguage":"en-US"}]}},"_links":{"self":[{"href":"https:\/\/www.minousurfschool.com\/en\/wp-json\/wp\/v2\/pages\/323","targetHints":{"allow":["GET"]}}],"collection":[{"href":"https:\/\/www.minousurfschool.com\/en\/wp-json\/wp\/v2\/pages"}],"about":[{"href":"https:\/\/www.minousurfschool.com\/en\/wp-json\/wp\/v2\/types\/page"}],"author":[{"embeddable":true,"href":"https:\/\/www.minousurfschool.com\/en\/wp-json\/wp\/v2\/users\/1"}],"replies":[{"embeddable":true,"href":"https:\/\/www.minousurfschool.com\/en\/wp-json\/wp\/v2\/comments?post=323"}],"version-history":[{"count":2,"href":"https:\/\/www.minousurfschool.com\/en\/wp-json\/wp\/v2\/pages\/323\/revisions"}],"predecessor-version":[{"id":329,"href":"https:\/\/www.minousurfschool.com\/en\/wp-json\/wp\/v2\/pages\/323\/revisions\/329"}],"wp:featuredmedia":[{"embeddable":true,"href":"https:\/\/www.minousurfschool.com\/en\/wp-json\/wp\/v2\/media\/1807"}],"wp:attachment":[{"href":"https:\/\/www.minousurfschool.com\/en\/wp-json\/wp\/v2\/media?parent=323"}],"curies":[{"name":"wp","href":"https:\/\/api.w.org\/{rel}","templated":true}]}}